{"id":1353,"date":"2018-10-09T17:21:13","date_gmt":"2018-10-09T17:21:13","guid":{"rendered":"https:\/\/carmello.be\/societes\/"},"modified":"2025-01-17T14:42:28","modified_gmt":"2025-01-17T13:42:28","slug":"petit-dejeuner-pour-societes","status":"publish","type":"page","link":"https:\/\/carmello.be\/fr\/petit-dejeuner-pour-societes\/","title":{"rendered":"Petit-d\u00e9jeuners pour Soci\u00e9t\u00e9s"},"content":{"rendered":"","protected":false},"excerpt":{"rendered":"","protected":false},"author":5,"featured_media":7830,"parent":0,"menu_order":0,"comment_status":"closed","ping_status":"closed","template":"page-bedrijven.php","meta":{"footnotes":""},"class_list":["post-1353","page","type-page","status-publish","has-post-thumbnail","hentry","entry"],"acf":[],"yoast_head":"<!-- This site is optimized with the Yoast SEO plugin v27.4 - https:\/\/yoast.com\/product\/yoast-seo-wordpress\/ -->\n<title>Petit-d\u00e9jeuners pour Soci\u00e9t\u00e9s - Carmello<\/title>\n<meta name=\"description\" content=\"Un d\u00e9licieux petit d\u00e9jeuner pour vous et vos coll\u00e8gues? Nous livrons nos produits locaux du Pajottenland 7 jours sur 7 chez vous!\" \/>\n<meta name=\"robots\" content=\"index, follow, max-snippet:-1, max-image-preview:large, max-video-preview:-1\" \/>\n<link rel=\"canonical\" href=\"https:\/\/carmello.be\/fr\/petit-dejeuner-pour-societes\/\" \/>\n<meta property=\"og:locale\" content=\"fr_FR\" \/>\n<meta property=\"og:type\" content=\"article\" \/>\n<meta property=\"og:title\" content=\"Petit-d\u00e9jeuners pour Soci\u00e9t\u00e9s - Carmello\" \/>\n<meta property=\"og:description\" content=\"Un d\u00e9licieux petit d\u00e9jeuner pour vous et vos coll\u00e8gues? Nous livrons nos produits locaux du Pajottenland 7 jours sur 7 chez vous!\" \/>\n<meta property=\"og:url\" content=\"https:\/\/carmello.be\/fr\/petit-dejeuner-pour-societes\/\" \/>\n<meta property=\"og:site_name\" content=\"Carmello\" \/>\n<meta property=\"article:publisher\" content=\"https:\/\/www.facebook.com\/Carmellobreakfast\/\" \/>\n<meta property=\"article:modified_time\" content=\"2025-01-17T13:42:28+00:00\" \/>\n<meta property=\"og:image\" content=\"https:\/\/carmello.be\/wp-content\/uploads\/2022\/11\/41633903_2348728061810099_3280875597009518592_o-e1537372601116.jpg\" \/>\n\t<meta property=\"og:image:width\" content=\"600\" \/>\n\t<meta property=\"og:image:height\" content=\"450\" \/>\n\t<meta property=\"og:image:type\" content=\"image\/jpeg\" \/>\n<meta name=\"twitter:card\" content=\"summary_large_image\" \/>\n<script type=\"application\/ld+json\" class=\"yoast-schema-graph\">{\"@context\":\"https:\\\/\\\/schema.org\",\"@graph\":[{\"@type\":\"WebPage\",\"@id\":\"https:\\\/\\\/carmello.be\\\/fr\\\/petit-dejeuner-pour-societes\\\/\",\"url\":\"https:\\\/\\\/carmello.be\\\/fr\\\/petit-dejeuner-pour-societes\\\/\",\"name\":\"Petit-d\u00e9jeuners pour Soci\u00e9t\u00e9s - Carmello\",\"isPartOf\":{\"@id\":\"https:\\\/\\\/carmello.be\\\/fr\\\/#website\"},\"primaryImageOfPage\":{\"@id\":\"https:\\\/\\\/carmello.be\\\/fr\\\/petit-dejeuner-pour-societes\\\/#primaryimage\"},\"image\":{\"@id\":\"https:\\\/\\\/carmello.be\\\/fr\\\/petit-dejeuner-pour-societes\\\/#primaryimage\"},\"thumbnailUrl\":\"https:\\\/\\\/carmello.be\\\/wp-content\\\/uploads\\\/2022\\\/11\\\/41633903_2348728061810099_3280875597009518592_o-e1537372601116.jpg\",\"datePublished\":\"2018-10-09T17:21:13+00:00\",\"dateModified\":\"2025-01-17T13:42:28+00:00\",\"description\":\"Un d\u00e9licieux petit d\u00e9jeuner pour vous et vos coll\u00e8gues? Nous livrons nos produits locaux du Pajottenland 7 jours sur 7 chez vous!\",\"breadcrumb\":{\"@id\":\"https:\\\/\\\/carmello.be\\\/fr\\\/petit-dejeuner-pour-societes\\\/#breadcrumb\"},\"inLanguage\":\"fr-FR\",\"potentialAction\":[{\"@type\":\"ReadAction\",\"target\":[\"https:\\\/\\\/carmello.be\\\/fr\\\/petit-dejeuner-pour-societes\\\/\"]}]},{\"@type\":\"ImageObject\",\"inLanguage\":\"fr-FR\",\"@id\":\"https:\\\/\\\/carmello.be\\\/fr\\\/petit-dejeuner-pour-societes\\\/#primaryimage\",\"url\":\"https:\\\/\\\/carmello.be\\\/wp-content\\\/uploads\\\/2022\\\/11\\\/41633903_2348728061810099_3280875597009518592_o-e1537372601116.jpg\",\"contentUrl\":\"https:\\\/\\\/carmello.be\\\/wp-content\\\/uploads\\\/2022\\\/11\\\/41633903_2348728061810099_3280875597009518592_o-e1537372601116.jpg\",\"width\":600,\"height\":450},{\"@type\":\"BreadcrumbList\",\"@id\":\"https:\\\/\\\/carmello.be\\\/fr\\\/petit-dejeuner-pour-societes\\\/#breadcrumb\",\"itemListElement\":[{\"@type\":\"ListItem\",\"position\":1,\"name\":\"Home\",\"item\":\"https:\\\/\\\/carmello.be\\\/fr\\\/\"},{\"@type\":\"ListItem\",\"position\":2,\"name\":\"Petit-d\u00e9jeuners pour Soci\u00e9t\u00e9s\"}]},{\"@type\":\"WebSite\",\"@id\":\"https:\\\/\\\/carmello.be\\\/fr\\\/#website\",\"url\":\"https:\\\/\\\/carmello.be\\\/fr\\\/\",\"name\":\"Carmello\",\"description\":\"Ontbijt aan huis\",\"publisher\":{\"@id\":\"https:\\\/\\\/carmello.be\\\/fr\\\/#organization\"},\"potentialAction\":[{\"@type\":\"SearchAction\",\"target\":{\"@type\":\"EntryPoint\",\"urlTemplate\":\"https:\\\/\\\/carmello.be\\\/fr\\\/?s={search_term_string}\"},\"query-input\":{\"@type\":\"PropertyValueSpecification\",\"valueRequired\":true,\"valueName\":\"search_term_string\"}}],\"inLanguage\":\"fr-FR\"},{\"@type\":\"Organization\",\"@id\":\"https:\\\/\\\/carmello.be\\\/fr\\\/#organization\",\"name\":\"Carmello\",\"url\":\"https:\\\/\\\/carmello.be\\\/fr\\\/\",\"logo\":{\"@type\":\"ImageObject\",\"inLanguage\":\"fr-FR\",\"@id\":\"https:\\\/\\\/carmello.be\\\/fr\\\/#\\\/schema\\\/logo\\\/image\\\/\",\"url\":\"https:\\\/\\\/carmello.be\\\/wp-content\\\/uploads\\\/2017\\\/11\\\/Carmello-Logo.png\",\"contentUrl\":\"https:\\\/\\\/carmello.be\\\/wp-content\\\/uploads\\\/2017\\\/11\\\/Carmello-Logo.png\",\"width\":220,\"height\":80,\"caption\":\"Carmello\"},\"image\":{\"@id\":\"https:\\\/\\\/carmello.be\\\/fr\\\/#\\\/schema\\\/logo\\\/image\\\/\"},\"sameAs\":[\"https:\\\/\\\/www.facebook.com\\\/Carmellobreakfast\\\/\",\"https:\\\/\\\/www.instagram.com\\\/carmellobreakfast\\\/\"]}]}<\/script>\n<!-- \/ Yoast SEO plugin. -->","yoast_head_json":{"title":"Petit-d\u00e9jeuners pour Soci\u00e9t\u00e9s - Carmello","description":"Un d\u00e9licieux petit d\u00e9jeuner pour vous et vos coll\u00e8gues? Nous livrons nos produits locaux du Pajottenland 7 jours sur 7 chez vous!","robots":{"index":"index","follow":"follow","max-snippet":"max-snippet:-1","max-image-preview":"max-image-preview:large","max-video-preview":"max-video-preview:-1"},"canonical":"https:\/\/carmello.be\/fr\/petit-dejeuner-pour-societes\/","og_locale":"fr_FR","og_type":"article","og_title":"Petit-d\u00e9jeuners pour Soci\u00e9t\u00e9s - Carmello","og_description":"Un d\u00e9licieux petit d\u00e9jeuner pour vous et vos coll\u00e8gues? Nous livrons nos produits locaux du Pajottenland 7 jours sur 7 chez vous!","og_url":"https:\/\/carmello.be\/fr\/petit-dejeuner-pour-societes\/","og_site_name":"Carmello","article_publisher":"https:\/\/www.facebook.com\/Carmellobreakfast\/","article_modified_time":"2025-01-17T13:42:28+00:00","og_image":[{"width":600,"height":450,"url":"https:\/\/carmello.be\/wp-content\/uploads\/2022\/11\/41633903_2348728061810099_3280875597009518592_o-e1537372601116.jpg","type":"image\/jpeg"}],"twitter_card":"summary_large_image","schema":{"@context":"https:\/\/schema.org","@graph":[{"@type":"WebPage","@id":"https:\/\/carmello.be\/fr\/petit-dejeuner-pour-societes\/","url":"https:\/\/carmello.be\/fr\/petit-dejeuner-pour-societes\/","name":"Petit-d\u00e9jeuners pour Soci\u00e9t\u00e9s - Carmello","isPartOf":{"@id":"https:\/\/carmello.be\/fr\/#website"},"primaryImageOfPage":{"@id":"https:\/\/carmello.be\/fr\/petit-dejeuner-pour-societes\/#primaryimage"},"image":{"@id":"https:\/\/carmello.be\/fr\/petit-dejeuner-pour-societes\/#primaryimage"},"thumbnailUrl":"https:\/\/carmello.be\/wp-content\/uploads\/2022\/11\/41633903_2348728061810099_3280875597009518592_o-e1537372601116.jpg","datePublished":"2018-10-09T17:21:13+00:00","dateModified":"2025-01-17T13:42:28+00:00","description":"Un d\u00e9licieux petit d\u00e9jeuner pour vous et vos coll\u00e8gues? Nous livrons nos produits locaux du Pajottenland 7 jours sur 7 chez vous!","breadcrumb":{"@id":"https:\/\/carmello.be\/fr\/petit-dejeuner-pour-societes\/#breadcrumb"},"inLanguage":"fr-FR","potentialAction":[{"@type":"ReadAction","target":["https:\/\/carmello.be\/fr\/petit-dejeuner-pour-societes\/"]}]},{"@type":"ImageObject","inLanguage":"fr-FR","@id":"https:\/\/carmello.be\/fr\/petit-dejeuner-pour-societes\/#primaryimage","url":"https:\/\/carmello.be\/wp-content\/uploads\/2022\/11\/41633903_2348728061810099_3280875597009518592_o-e1537372601116.jpg","contentUrl":"https:\/\/carmello.be\/wp-content\/uploads\/2022\/11\/41633903_2348728061810099_3280875597009518592_o-e1537372601116.jpg","width":600,"height":450},{"@type":"BreadcrumbList","@id":"https:\/\/carmello.be\/fr\/petit-dejeuner-pour-societes\/#breadcrumb","itemListElement":[{"@type":"ListItem","position":1,"name":"Home","item":"https:\/\/carmello.be\/fr\/"},{"@type":"ListItem","position":2,"name":"Petit-d\u00e9jeuners pour Soci\u00e9t\u00e9s"}]},{"@type":"WebSite","@id":"https:\/\/carmello.be\/fr\/#website","url":"https:\/\/carmello.be\/fr\/","name":"Carmello","description":"Ontbijt aan huis","publisher":{"@id":"https:\/\/carmello.be\/fr\/#organization"},"potentialAction":[{"@type":"SearchAction","target":{"@type":"EntryPoint","urlTemplate":"https:\/\/carmello.be\/fr\/?s={search_term_string}"},"query-input":{"@type":"PropertyValueSpecification","valueRequired":true,"valueName":"search_term_string"}}],"inLanguage":"fr-FR"},{"@type":"Organization","@id":"https:\/\/carmello.be\/fr\/#organization","name":"Carmello","url":"https:\/\/carmello.be\/fr\/","logo":{"@type":"ImageObject","inLanguage":"fr-FR","@id":"https:\/\/carmello.be\/fr\/#\/schema\/logo\/image\/","url":"https:\/\/carmello.be\/wp-content\/uploads\/2017\/11\/Carmello-Logo.png","contentUrl":"https:\/\/carmello.be\/wp-content\/uploads\/2017\/11\/Carmello-Logo.png","width":220,"height":80,"caption":"Carmello"},"image":{"@id":"https:\/\/carmello.be\/fr\/#\/schema\/logo\/image\/"},"sameAs":["https:\/\/www.facebook.com\/Carmellobreakfast\/","https:\/\/www.instagram.com\/carmellobreakfast\/"]}]}},"_links":{"self":[{"href":"https:\/\/carmello.be\/fr\/wp-json\/wp\/v2\/pages\/1353","targetHints":{"allow":["GET"]}}],"collection":[{"href":"https:\/\/carmello.be\/fr\/wp-json\/wp\/v2\/pages"}],"about":[{"href":"https:\/\/carmello.be\/fr\/wp-json\/wp\/v2\/types\/page"}],"author":[{"embeddable":true,"href":"https:\/\/carmello.be\/fr\/wp-json\/wp\/v2\/users\/5"}],"replies":[{"embeddable":true,"href":"https:\/\/carmello.be\/fr\/wp-json\/wp\/v2\/comments?post=1353"}],"version-history":[{"count":5,"href":"https:\/\/carmello.be\/fr\/wp-json\/wp\/v2\/pages\/1353\/revisions"}],"predecessor-version":[{"id":8108,"href":"https:\/\/carmello.be\/fr\/wp-json\/wp\/v2\/pages\/1353\/revisions\/8108"}],"wp:featuredmedia":[{"embeddable":true,"href":"https:\/\/carmello.be\/fr\/wp-json\/wp\/v2\/media\/7830"}],"wp:attachment":[{"href":"https:\/\/carmello.be\/fr\/wp-json\/wp\/v2\/media?parent=1353"}],"curies":[{"name":"wp","href":"https:\/\/api.w.org\/{rel}","templated":true}]}}