{"id":1453,"date":"2018-10-09T17:41:38","date_gmt":"2018-10-09T17:41:38","guid":{"rendered":"https:\/\/carmello.be\/produits-regionaux\/"},"modified":"2022-11-07T14:12:46","modified_gmt":"2022-11-07T13:12:46","slug":"produits-regionaux","status":"publish","type":"page","link":"https:\/\/carmello.be\/fr\/produits-regionaux\/","title":{"rendered":"Produits r\u00e9gionaux"},"content":{"rendered":"\n<h1 class=\"wp-block-heading\">Produits r\u00e9gionaux<\/h1>\n\n\n\n<p>Comme r\u00e9gion du bonheur, le Pajottenland et la vall\u00e9e de la senne&nbsp;repr\u00e9sentent de nombreux avantages, comme les agricoles et produits locaux. Des produits traditionnels, tout le monde les adores non ? Ils sont d\u00e9licieux pour petits et grands. D\u00e9couvrez nos produits faits maison, les traditions et l\u2019artisanat. Laissez-vous emporter par l\u2019histoire du fromager, le go\u00fbt du jambon de pays r\u00e9el et le doux parfum de la confiture. Qu\u2019en est-il d\u2019un r\u00e9el yaourt frais et ceci avec un granola d\u00e9licieux fait maison ?<\/p>\n\n\n\n<p>D\u00e9couvrez-les tous et bon app\u00e9tit !<\/p>\n","protected":false},"excerpt":{"rendered":"<p>Produits r\u00e9gionaux Comme r\u00e9gion du bonheur, le Pajottenland et la vall\u00e9e de la senne&nbsp;repr\u00e9sentent de nombreux avantages, comme les agricoles et produits locaux. Des produits traditionnels, tout le monde les adores non ? Ils sont d\u00e9licieux pour petits et grands. D\u00e9couvrez nos produits faits maison, les traditions et l\u2019artisanat. Laissez-vous emporter par l\u2019histoire du fromager,&hellip; <a class=\"more-link\" href=\"https:\/\/carmello.be\/fr\/produits-regionaux\/\">Poursuivre la lecture <span class=\"screen-reader-text\">Produits r\u00e9gionaux<\/span><\/a><\/p>\n","protected":false},"author":5,"featured_media":7826,"parent":0,"menu_order":0,"comment_status":"closed","ping_status":"closed","template":"","meta":{"footnotes":""},"class_list":["post-1453","page","type-page","status-publish","has-post-thumbnail","hentry","entry"],"acf":[],"yoast_head":"<!-- This site is optimized with the Yoast SEO plugin v27.4 - https:\/\/yoast.com\/product\/yoast-seo-wordpress\/ -->\n<title>Produits r\u00e9gionaux - Carmello<\/title>\n<meta name=\"robots\" content=\"index, follow, max-snippet:-1, max-image-preview:large, max-video-preview:-1\" \/>\n<link rel=\"canonical\" href=\"https:\/\/carmello.be\/fr\/produits-regionaux\/\" \/>\n<meta property=\"og:locale\" content=\"fr_FR\" \/>\n<meta property=\"og:type\" content=\"article\" \/>\n<meta property=\"og:title\" content=\"Produits r\u00e9gionaux - Carmello\" \/>\n<meta property=\"og:description\" content=\"Produits r\u00e9gionaux Comme r\u00e9gion du bonheur, le Pajottenland et la vall\u00e9e de la senne&nbsp;repr\u00e9sentent de nombreux avantages, comme les agricoles et produits locaux. Des produits traditionnels, tout le monde les adores non ? Ils sont d\u00e9licieux pour petits et grands. D\u00e9couvrez nos produits faits maison, les traditions et l\u2019artisanat. Laissez-vous emporter par l\u2019histoire du fromager,&hellip; Poursuivre la lecture Produits r\u00e9gionaux\" \/>\n<meta property=\"og:url\" content=\"https:\/\/carmello.be\/fr\/produits-regionaux\/\" \/>\n<meta property=\"og:site_name\" content=\"Carmello\" \/>\n<meta property=\"article:publisher\" content=\"https:\/\/www.facebook.com\/Carmellobreakfast\/\" \/>\n<meta property=\"article:modified_time\" content=\"2022-11-07T13:12:46+00:00\" \/>\n<meta property=\"og:image\" content=\"https:\/\/carmello.be\/wp-content\/uploads\/2022\/11\/3-1.jpg\" \/>\n\t<meta property=\"og:image:width\" content=\"400\" \/>\n\t<meta property=\"og:image:height\" content=\"398\" \/>\n\t<meta property=\"og:image:type\" content=\"image\/jpeg\" \/>\n<meta name=\"twitter:card\" content=\"summary_large_image\" \/>\n<meta name=\"twitter:label1\" content=\"Dur\u00e9e de lecture estim\u00e9e\" \/>\n\t<meta name=\"twitter:data1\" content=\"1 minute\" \/>\n<script type=\"application\/ld+json\" class=\"yoast-schema-graph\">{\"@context\":\"https:\\\/\\\/schema.org\",\"@graph\":[{\"@type\":\"WebPage\",\"@id\":\"https:\\\/\\\/carmello.be\\\/fr\\\/produits-regionaux\\\/\",\"url\":\"https:\\\/\\\/carmello.be\\\/fr\\\/produits-regionaux\\\/\",\"name\":\"Produits r\u00e9gionaux - Carmello\",\"isPartOf\":{\"@id\":\"https:\\\/\\\/carmello.be\\\/fr\\\/#website\"},\"primaryImageOfPage\":{\"@id\":\"https:\\\/\\\/carmello.be\\\/fr\\\/produits-regionaux\\\/#primaryimage\"},\"image\":{\"@id\":\"https:\\\/\\\/carmello.be\\\/fr\\\/produits-regionaux\\\/#primaryimage\"},\"thumbnailUrl\":\"https:\\\/\\\/carmello.be\\\/wp-content\\\/uploads\\\/2022\\\/11\\\/3-1.jpg\",\"datePublished\":\"2018-10-09T17:41:38+00:00\",\"dateModified\":\"2022-11-07T13:12:46+00:00\",\"breadcrumb\":{\"@id\":\"https:\\\/\\\/carmello.be\\\/fr\\\/produits-regionaux\\\/#breadcrumb\"},\"inLanguage\":\"fr-FR\",\"potentialAction\":[{\"@type\":\"ReadAction\",\"target\":[\"https:\\\/\\\/carmello.be\\\/fr\\\/produits-regionaux\\\/\"]}]},{\"@type\":\"ImageObject\",\"inLanguage\":\"fr-FR\",\"@id\":\"https:\\\/\\\/carmello.be\\\/fr\\\/produits-regionaux\\\/#primaryimage\",\"url\":\"https:\\\/\\\/carmello.be\\\/wp-content\\\/uploads\\\/2022\\\/11\\\/3-1.jpg\",\"contentUrl\":\"https:\\\/\\\/carmello.be\\\/wp-content\\\/uploads\\\/2022\\\/11\\\/3-1.jpg\",\"width\":400,\"height\":398},{\"@type\":\"BreadcrumbList\",\"@id\":\"https:\\\/\\\/carmello.be\\\/fr\\\/produits-regionaux\\\/#breadcrumb\",\"itemListElement\":[{\"@type\":\"ListItem\",\"position\":1,\"name\":\"Home\",\"item\":\"https:\\\/\\\/carmello.be\\\/fr\\\/\"},{\"@type\":\"ListItem\",\"position\":2,\"name\":\"Produits r\u00e9gionaux\"}]},{\"@type\":\"WebSite\",\"@id\":\"https:\\\/\\\/carmello.be\\\/fr\\\/#website\",\"url\":\"https:\\\/\\\/carmello.be\\\/fr\\\/\",\"name\":\"Carmello\",\"description\":\"Ontbijt aan huis\",\"publisher\":{\"@id\":\"https:\\\/\\\/carmello.be\\\/fr\\\/#organization\"},\"potentialAction\":[{\"@type\":\"SearchAction\",\"target\":{\"@type\":\"EntryPoint\",\"urlTemplate\":\"https:\\\/\\\/carmello.be\\\/fr\\\/?s={search_term_string}\"},\"query-input\":{\"@type\":\"PropertyValueSpecification\",\"valueRequired\":true,\"valueName\":\"search_term_string\"}}],\"inLanguage\":\"fr-FR\"},{\"@type\":\"Organization\",\"@id\":\"https:\\\/\\\/carmello.be\\\/fr\\\/#organization\",\"name\":\"Carmello\",\"url\":\"https:\\\/\\\/carmello.be\\\/fr\\\/\",\"logo\":{\"@type\":\"ImageObject\",\"inLanguage\":\"fr-FR\",\"@id\":\"https:\\\/\\\/carmello.be\\\/fr\\\/#\\\/schema\\\/logo\\\/image\\\/\",\"url\":\"https:\\\/\\\/carmello.be\\\/wp-content\\\/uploads\\\/2017\\\/11\\\/Carmello-Logo.png\",\"contentUrl\":\"https:\\\/\\\/carmello.be\\\/wp-content\\\/uploads\\\/2017\\\/11\\\/Carmello-Logo.png\",\"width\":220,\"height\":80,\"caption\":\"Carmello\"},\"image\":{\"@id\":\"https:\\\/\\\/carmello.be\\\/fr\\\/#\\\/schema\\\/logo\\\/image\\\/\"},\"sameAs\":[\"https:\\\/\\\/www.facebook.com\\\/Carmellobreakfast\\\/\",\"https:\\\/\\\/www.instagram.com\\\/carmellobreakfast\\\/\"]}]}<\/script>\n<!-- \/ Yoast SEO plugin. -->","yoast_head_json":{"title":"Produits r\u00e9gionaux - Carmello","robots":{"index":"index","follow":"follow","max-snippet":"max-snippet:-1","max-image-preview":"max-image-preview:large","max-video-preview":"max-video-preview:-1"},"canonical":"https:\/\/carmello.be\/fr\/produits-regionaux\/","og_locale":"fr_FR","og_type":"article","og_title":"Produits r\u00e9gionaux - Carmello","og_description":"Produits r\u00e9gionaux Comme r\u00e9gion du bonheur, le Pajottenland et la vall\u00e9e de la senne&nbsp;repr\u00e9sentent de nombreux avantages, comme les agricoles et produits locaux. Des produits traditionnels, tout le monde les adores non ? Ils sont d\u00e9licieux pour petits et grands. D\u00e9couvrez nos produits faits maison, les traditions et l\u2019artisanat. Laissez-vous emporter par l\u2019histoire du fromager,&hellip; Poursuivre la lecture Produits r\u00e9gionaux","og_url":"https:\/\/carmello.be\/fr\/produits-regionaux\/","og_site_name":"Carmello","article_publisher":"https:\/\/www.facebook.com\/Carmellobreakfast\/","article_modified_time":"2022-11-07T13:12:46+00:00","og_image":[{"width":400,"height":398,"url":"https:\/\/carmello.be\/wp-content\/uploads\/2022\/11\/3-1.jpg","type":"image\/jpeg"}],"twitter_card":"summary_large_image","twitter_misc":{"Dur\u00e9e de lecture estim\u00e9e":"1 minute"},"schema":{"@context":"https:\/\/schema.org","@graph":[{"@type":"WebPage","@id":"https:\/\/carmello.be\/fr\/produits-regionaux\/","url":"https:\/\/carmello.be\/fr\/produits-regionaux\/","name":"Produits r\u00e9gionaux - Carmello","isPartOf":{"@id":"https:\/\/carmello.be\/fr\/#website"},"primaryImageOfPage":{"@id":"https:\/\/carmello.be\/fr\/produits-regionaux\/#primaryimage"},"image":{"@id":"https:\/\/carmello.be\/fr\/produits-regionaux\/#primaryimage"},"thumbnailUrl":"https:\/\/carmello.be\/wp-content\/uploads\/2022\/11\/3-1.jpg","datePublished":"2018-10-09T17:41:38+00:00","dateModified":"2022-11-07T13:12:46+00:00","breadcrumb":{"@id":"https:\/\/carmello.be\/fr\/produits-regionaux\/#breadcrumb"},"inLanguage":"fr-FR","potentialAction":[{"@type":"ReadAction","target":["https:\/\/carmello.be\/fr\/produits-regionaux\/"]}]},{"@type":"ImageObject","inLanguage":"fr-FR","@id":"https:\/\/carmello.be\/fr\/produits-regionaux\/#primaryimage","url":"https:\/\/carmello.be\/wp-content\/uploads\/2022\/11\/3-1.jpg","contentUrl":"https:\/\/carmello.be\/wp-content\/uploads\/2022\/11\/3-1.jpg","width":400,"height":398},{"@type":"BreadcrumbList","@id":"https:\/\/carmello.be\/fr\/produits-regionaux\/#breadcrumb","itemListElement":[{"@type":"ListItem","position":1,"name":"Home","item":"https:\/\/carmello.be\/fr\/"},{"@type":"ListItem","position":2,"name":"Produits r\u00e9gionaux"}]},{"@type":"WebSite","@id":"https:\/\/carmello.be\/fr\/#website","url":"https:\/\/carmello.be\/fr\/","name":"Carmello","description":"Ontbijt aan huis","publisher":{"@id":"https:\/\/carmello.be\/fr\/#organization"},"potentialAction":[{"@type":"SearchAction","target":{"@type":"EntryPoint","urlTemplate":"https:\/\/carmello.be\/fr\/?s={search_term_string}"},"query-input":{"@type":"PropertyValueSpecification","valueRequired":true,"valueName":"search_term_string"}}],"inLanguage":"fr-FR"},{"@type":"Organization","@id":"https:\/\/carmello.be\/fr\/#organization","name":"Carmello","url":"https:\/\/carmello.be\/fr\/","logo":{"@type":"ImageObject","inLanguage":"fr-FR","@id":"https:\/\/carmello.be\/fr\/#\/schema\/logo\/image\/","url":"https:\/\/carmello.be\/wp-content\/uploads\/2017\/11\/Carmello-Logo.png","contentUrl":"https:\/\/carmello.be\/wp-content\/uploads\/2017\/11\/Carmello-Logo.png","width":220,"height":80,"caption":"Carmello"},"image":{"@id":"https:\/\/carmello.be\/fr\/#\/schema\/logo\/image\/"},"sameAs":["https:\/\/www.facebook.com\/Carmellobreakfast\/","https:\/\/www.instagram.com\/carmellobreakfast\/"]}]}},"_links":{"self":[{"href":"https:\/\/carmello.be\/fr\/wp-json\/wp\/v2\/pages\/1453","targetHints":{"allow":["GET"]}}],"collection":[{"href":"https:\/\/carmello.be\/fr\/wp-json\/wp\/v2\/pages"}],"about":[{"href":"https:\/\/carmello.be\/fr\/wp-json\/wp\/v2\/types\/page"}],"author":[{"embeddable":true,"href":"https:\/\/carmello.be\/fr\/wp-json\/wp\/v2\/users\/5"}],"replies":[{"embeddable":true,"href":"https:\/\/carmello.be\/fr\/wp-json\/wp\/v2\/comments?post=1453"}],"version-history":[{"count":0,"href":"https:\/\/carmello.be\/fr\/wp-json\/wp\/v2\/pages\/1453\/revisions"}],"wp:featuredmedia":[{"embeddable":true,"href":"https:\/\/carmello.be\/fr\/wp-json\/wp\/v2\/media\/7826"}],"wp:attachment":[{"href":"https:\/\/carmello.be\/fr\/wp-json\/wp\/v2\/media?parent=1453"}],"curies":[{"name":"wp","href":"https:\/\/api.w.org\/{rel}","templated":true}]}}