{"id":1531,"date":"2018-10-09T17:51:19","date_gmt":"2018-10-09T17:51:19","guid":{"rendered":"https:\/\/carmello.be\/confidentialite\/"},"modified":"2022-11-07T09:20:40","modified_gmt":"2022-11-07T08:20:40","slug":"confidentialite","status":"publish","type":"page","link":"https:\/\/carmello.be\/fr\/confidentialite\/","title":{"rendered":"Confidentialit\u00e9"},"content":{"rendered":"\n<h1 class=\"wp-block-heading\">Confidentialit\u00e9<\/h1>\n\n\n\n<p>Carmello, petit d\u00e9jeuner \u00e0 domicile, &nbsp;appr\u00e9cie votre vie priv\u00e9e. C\u2019est pourquoi nous traitons les informations personnelles que vous nous fournissez, toujours \u00e0 titre confidentiel. Nous utilisons vos donn\u00e9es pour traiter les commandes rapidement et facilement.<\/p>\n\n\n\n<p>Nos conditions g\u00e9n\u00e9rales sont disponible en n\u00e9erlandais et sur simple demande.<\/p>\n\n\n\n<p>Il est clair que Carmello ne donnera ou ne vendra jamais vos informations \u00e0 des tiers par. Nous communiquons uniquement vos informations \u00e0 nos transporteurs, s\u2019ils sont impliqu\u00e9s dans la livraison de votre commande.<\/p>\n\n\n\n<p>Carmello utilise vos donn\u00e9es pour les services suivants :<\/p>\n\n\n\n<p>Si vous passez une commande, nous avons besoin de votre nom, adresse e-mail et adresse de livraison afin de traiter et livrer votre commande. Sans cette information, nous ne pouvons pas vous livrer.<\/p>\n\n\n\n<p>Si vous commandez, vos donn\u00e9es seront sauvegarder par Carmello sur un serveur s\u00e9curis\u00e9. Nous retenons votre nom et adresse, num\u00e9ro de t\u00e9l\u00e9phone, adresse e-mail et adresse d\u2019exp\u00e9dition.<\/p>\n\n\n\n<p>Vous avez des questions concernant notre politique de confidentialit\u00e9&nbsp;? N\u2019h\u00e9sitez pas \u00e0 nous contacter&nbsp;!<\/p>\n\n\n\n<p>Bon app\u00e9tit et \u00e0 bient\u00f4t&nbsp;!<\/p>\n\n\n\n<p>Marie<\/p>\n","protected":false},"excerpt":{"rendered":"<p>Confidentialit\u00e9 Carmello, petit d\u00e9jeuner \u00e0 domicile, &nbsp;appr\u00e9cie votre vie priv\u00e9e. C\u2019est pourquoi nous traitons les informations personnelles que vous nous fournissez, toujours \u00e0 titre confidentiel. Nous utilisons vos donn\u00e9es pour traiter les commandes rapidement et facilement. Nos conditions g\u00e9n\u00e9rales sont disponible en n\u00e9erlandais et sur simple demande. Il est clair que Carmello ne donnera ou&hellip; <a class=\"more-link\" href=\"https:\/\/carmello.be\/fr\/confidentialite\/\">Poursuivre la lecture <span class=\"screen-reader-text\">Confidentialit\u00e9<\/span><\/a><\/p>\n","protected":false},"author":5,"featured_media":0,"parent":0,"menu_order":0,"comment_status":"closed","ping_status":"closed","template":"","meta":{"footnotes":""},"class_list":["post-1531","page","type-page","status-publish","hentry","entry"],"acf":[],"yoast_head":"<!-- This site is optimized with the Yoast SEO plugin v27.4 - https:\/\/yoast.com\/product\/yoast-seo-wordpress\/ -->\n<title>Confidentialit\u00e9 - Carmello<\/title>\n<meta name=\"robots\" content=\"index, follow, max-snippet:-1, max-image-preview:large, max-video-preview:-1\" \/>\n<link rel=\"canonical\" href=\"https:\/\/carmello.be\/fr\/confidentialite\/\" \/>\n<meta property=\"og:locale\" content=\"fr_FR\" \/>\n<meta property=\"og:type\" content=\"article\" \/>\n<meta property=\"og:title\" content=\"Confidentialit\u00e9 - Carmello\" \/>\n<meta property=\"og:description\" content=\"Confidentialit\u00e9 Carmello, petit d\u00e9jeuner \u00e0 domicile, &nbsp;appr\u00e9cie votre vie priv\u00e9e. C\u2019est pourquoi nous traitons les informations personnelles que vous nous fournissez, toujours \u00e0 titre confidentiel. Nous utilisons vos donn\u00e9es pour traiter les commandes rapidement et facilement. Nos conditions g\u00e9n\u00e9rales sont disponible en n\u00e9erlandais et sur simple demande. Il est clair que Carmello ne donnera ou&hellip; Poursuivre la lecture Confidentialit\u00e9\" \/>\n<meta property=\"og:url\" content=\"https:\/\/carmello.be\/fr\/confidentialite\/\" \/>\n<meta property=\"og:site_name\" content=\"Carmello\" \/>\n<meta property=\"article:publisher\" content=\"https:\/\/www.facebook.com\/Carmellobreakfast\/\" \/>\n<meta property=\"article:modified_time\" content=\"2022-11-07T08:20:40+00:00\" \/>\n<meta name=\"twitter:card\" content=\"summary_large_image\" \/>\n<meta name=\"twitter:label1\" content=\"Dur\u00e9e de lecture estim\u00e9e\" \/>\n\t<meta name=\"twitter:data1\" content=\"1 minute\" \/>\n<script type=\"application\/ld+json\" class=\"yoast-schema-graph\">{\"@context\":\"https:\\\/\\\/schema.org\",\"@graph\":[{\"@type\":\"WebPage\",\"@id\":\"https:\\\/\\\/carmello.be\\\/fr\\\/confidentialite\\\/\",\"url\":\"https:\\\/\\\/carmello.be\\\/fr\\\/confidentialite\\\/\",\"name\":\"Confidentialit\u00e9 - Carmello\",\"isPartOf\":{\"@id\":\"https:\\\/\\\/carmello.be\\\/fr\\\/#website\"},\"datePublished\":\"2018-10-09T17:51:19+00:00\",\"dateModified\":\"2022-11-07T08:20:40+00:00\",\"breadcrumb\":{\"@id\":\"https:\\\/\\\/carmello.be\\\/fr\\\/confidentialite\\\/#breadcrumb\"},\"inLanguage\":\"fr-FR\",\"potentialAction\":[{\"@type\":\"ReadAction\",\"target\":[\"https:\\\/\\\/carmello.be\\\/fr\\\/confidentialite\\\/\"]}]},{\"@type\":\"BreadcrumbList\",\"@id\":\"https:\\\/\\\/carmello.be\\\/fr\\\/confidentialite\\\/#breadcrumb\",\"itemListElement\":[{\"@type\":\"ListItem\",\"position\":1,\"name\":\"Home\",\"item\":\"https:\\\/\\\/carmello.be\\\/fr\\\/\"},{\"@type\":\"ListItem\",\"position\":2,\"name\":\"Confidentialit\u00e9\"}]},{\"@type\":\"WebSite\",\"@id\":\"https:\\\/\\\/carmello.be\\\/fr\\\/#website\",\"url\":\"https:\\\/\\\/carmello.be\\\/fr\\\/\",\"name\":\"Carmello\",\"description\":\"Ontbijt aan huis\",\"publisher\":{\"@id\":\"https:\\\/\\\/carmello.be\\\/fr\\\/#organization\"},\"potentialAction\":[{\"@type\":\"SearchAction\",\"target\":{\"@type\":\"EntryPoint\",\"urlTemplate\":\"https:\\\/\\\/carmello.be\\\/fr\\\/?s={search_term_string}\"},\"query-input\":{\"@type\":\"PropertyValueSpecification\",\"valueRequired\":true,\"valueName\":\"search_term_string\"}}],\"inLanguage\":\"fr-FR\"},{\"@type\":\"Organization\",\"@id\":\"https:\\\/\\\/carmello.be\\\/fr\\\/#organization\",\"name\":\"Carmello\",\"url\":\"https:\\\/\\\/carmello.be\\\/fr\\\/\",\"logo\":{\"@type\":\"ImageObject\",\"inLanguage\":\"fr-FR\",\"@id\":\"https:\\\/\\\/carmello.be\\\/fr\\\/#\\\/schema\\\/logo\\\/image\\\/\",\"url\":\"https:\\\/\\\/carmello.be\\\/wp-content\\\/uploads\\\/2017\\\/11\\\/Carmello-Logo.png\",\"contentUrl\":\"https:\\\/\\\/carmello.be\\\/wp-content\\\/uploads\\\/2017\\\/11\\\/Carmello-Logo.png\",\"width\":220,\"height\":80,\"caption\":\"Carmello\"},\"image\":{\"@id\":\"https:\\\/\\\/carmello.be\\\/fr\\\/#\\\/schema\\\/logo\\\/image\\\/\"},\"sameAs\":[\"https:\\\/\\\/www.facebook.com\\\/Carmellobreakfast\\\/\",\"https:\\\/\\\/www.instagram.com\\\/carmellobreakfast\\\/\"]}]}<\/script>\n<!-- \/ Yoast SEO plugin. -->","yoast_head_json":{"title":"Confidentialit\u00e9 - Carmello","robots":{"index":"index","follow":"follow","max-snippet":"max-snippet:-1","max-image-preview":"max-image-preview:large","max-video-preview":"max-video-preview:-1"},"canonical":"https:\/\/carmello.be\/fr\/confidentialite\/","og_locale":"fr_FR","og_type":"article","og_title":"Confidentialit\u00e9 - Carmello","og_description":"Confidentialit\u00e9 Carmello, petit d\u00e9jeuner \u00e0 domicile, &nbsp;appr\u00e9cie votre vie priv\u00e9e. C\u2019est pourquoi nous traitons les informations personnelles que vous nous fournissez, toujours \u00e0 titre confidentiel. Nous utilisons vos donn\u00e9es pour traiter les commandes rapidement et facilement. Nos conditions g\u00e9n\u00e9rales sont disponible en n\u00e9erlandais et sur simple demande. Il est clair que Carmello ne donnera ou&hellip; Poursuivre la lecture Confidentialit\u00e9","og_url":"https:\/\/carmello.be\/fr\/confidentialite\/","og_site_name":"Carmello","article_publisher":"https:\/\/www.facebook.com\/Carmellobreakfast\/","article_modified_time":"2022-11-07T08:20:40+00:00","twitter_card":"summary_large_image","twitter_misc":{"Dur\u00e9e de lecture estim\u00e9e":"1 minute"},"schema":{"@context":"https:\/\/schema.org","@graph":[{"@type":"WebPage","@id":"https:\/\/carmello.be\/fr\/confidentialite\/","url":"https:\/\/carmello.be\/fr\/confidentialite\/","name":"Confidentialit\u00e9 - Carmello","isPartOf":{"@id":"https:\/\/carmello.be\/fr\/#website"},"datePublished":"2018-10-09T17:51:19+00:00","dateModified":"2022-11-07T08:20:40+00:00","breadcrumb":{"@id":"https:\/\/carmello.be\/fr\/confidentialite\/#breadcrumb"},"inLanguage":"fr-FR","potentialAction":[{"@type":"ReadAction","target":["https:\/\/carmello.be\/fr\/confidentialite\/"]}]},{"@type":"BreadcrumbList","@id":"https:\/\/carmello.be\/fr\/confidentialite\/#breadcrumb","itemListElement":[{"@type":"ListItem","position":1,"name":"Home","item":"https:\/\/carmello.be\/fr\/"},{"@type":"ListItem","position":2,"name":"Confidentialit\u00e9"}]},{"@type":"WebSite","@id":"https:\/\/carmello.be\/fr\/#website","url":"https:\/\/carmello.be\/fr\/","name":"Carmello","description":"Ontbijt aan huis","publisher":{"@id":"https:\/\/carmello.be\/fr\/#organization"},"potentialAction":[{"@type":"SearchAction","target":{"@type":"EntryPoint","urlTemplate":"https:\/\/carmello.be\/fr\/?s={search_term_string}"},"query-input":{"@type":"PropertyValueSpecification","valueRequired":true,"valueName":"search_term_string"}}],"inLanguage":"fr-FR"},{"@type":"Organization","@id":"https:\/\/carmello.be\/fr\/#organization","name":"Carmello","url":"https:\/\/carmello.be\/fr\/","logo":{"@type":"ImageObject","inLanguage":"fr-FR","@id":"https:\/\/carmello.be\/fr\/#\/schema\/logo\/image\/","url":"https:\/\/carmello.be\/wp-content\/uploads\/2017\/11\/Carmello-Logo.png","contentUrl":"https:\/\/carmello.be\/wp-content\/uploads\/2017\/11\/Carmello-Logo.png","width":220,"height":80,"caption":"Carmello"},"image":{"@id":"https:\/\/carmello.be\/fr\/#\/schema\/logo\/image\/"},"sameAs":["https:\/\/www.facebook.com\/Carmellobreakfast\/","https:\/\/www.instagram.com\/carmellobreakfast\/"]}]}},"_links":{"self":[{"href":"https:\/\/carmello.be\/fr\/wp-json\/wp\/v2\/pages\/1531","targetHints":{"allow":["GET"]}}],"collection":[{"href":"https:\/\/carmello.be\/fr\/wp-json\/wp\/v2\/pages"}],"about":[{"href":"https:\/\/carmello.be\/fr\/wp-json\/wp\/v2\/types\/page"}],"author":[{"embeddable":true,"href":"https:\/\/carmello.be\/fr\/wp-json\/wp\/v2\/users\/5"}],"replies":[{"embeddable":true,"href":"https:\/\/carmello.be\/fr\/wp-json\/wp\/v2\/comments?post=1531"}],"version-history":[{"count":0,"href":"https:\/\/carmello.be\/fr\/wp-json\/wp\/v2\/pages\/1531\/revisions"}],"wp:attachment":[{"href":"https:\/\/carmello.be\/fr\/wp-json\/wp\/v2\/media?parent=1531"}],"curies":[{"name":"wp","href":"https:\/\/api.w.org\/{rel}","templated":true}]}}